{"id":800,"date":"2023-10-31T12:34:48","date_gmt":"2023-10-31T11:34:48","guid":{"rendered":"https:\/\/globalmindadvisors.com\/legal-advice\/"},"modified":"2024-08-06T18:57:21","modified_gmt":"2024-08-06T16:57:21","slug":"legal-advice","status":"publish","type":"page","link":"https:\/\/globalmindadvisors.com\/en\/legal-advice\/","title":{"rendered":"Legal advice"},"content":{"rendered":"\t\t<div data-elementor-type=\"wp-page\" data-elementor-id=\"800\" class=\"elementor elementor-800 elementor-784\" data-elementor-post-type=\"page\">\n\t\t\t\t<div class=\"elementor-element elementor-element-ba2c6e2 e-flex e-con-boxed e-con e-parent\" data-id=\"ba2c6e2\" data-element_type=\"container\" data-e-type=\"container\">\n\t\t\t\t\t<div class=\"e-con-inner\">\n\t\t\t\t<div class=\"elementor-element elementor-element-627a1d02 elementor-widget elementor-widget-text-editor\" data-id=\"627a1d02\" data-element_type=\"widget\" data-e-type=\"widget\" data-widget_type=\"text-editor.default\">\n\t\t\t\t<div class=\"elementor-widget-container\">\n\t\t\t\t\t\t\t\t\t<h3 class=\"wp-block-heading\" id=\"1099921799\">Encargado:<\/h3>\n<p>Nombre de la empresa : GLOBAL MIND ADVISORS SL<br>Nombre y apellidos: Alex Rodr\u00edguez Alvarez<br>Direcci\u00f3n: Plaza Urquinaona 6 7A, 08010 Barcelona<\/p>\n<h3 class=\"wp-block-heading\" id=\"1669622938\">Contacto:<\/h3>\n<p>Tel\u00e9fono:&nbsp;<br>E-mail: info@globalmindadvisors.com<\/p>\n<h3 class=\"wp-block-heading\" id=\"1428066521\">Registro:<\/h3>\n<p>Inscripci\u00f3n en el registro mercantil: Inscrita en el Registro Mercantil de Barcelona, fecha 19 de Mayo de 2021<br>Datos registrales: Tomo 47827 Folio 24 Hoja 563440&nbsp;&nbsp;<\/p>\n<h3 class=\"wp-block-heading\" id=\"1922097649\">N\u00famero de identificaci\u00f3n fiscal:<\/h3>\n<p>N\u00famero de identificaci\u00f3n fiscal B05440110<\/p>\t\t\t\t\t\t\t\t<\/div>\n\t\t\t\t<\/div>\n\t\t\t\t\t<\/div>\n\t\t\t\t<\/div>\n\t\t\t\t<\/div>\n\t\t","protected":false},"excerpt":{"rendered":"<p>Encargado: Nombre de la empresa : GLOBAL MIND ADVISORS SLNombre y apellidos: Alex Rodr\u00edguez AlvarezDirecci\u00f3n: Plaza Urquinaona 6 7A, 08010 Barcelona Contacto: Tel\u00e9fono:&nbsp;E-mail: info@globalmindadvisors.com Registro: Inscripci\u00f3n en el registro mercantil: Inscrita en el Registro Mercantil de Barcelona, fecha 19 de Mayo de 2021Datos registrales: Tomo 47827 Folio 24 Hoja 563440&nbsp;&nbsp; N\u00famero de identificaci\u00f3n fiscal: N\u00famero [&hellip;]<\/p>\n","protected":false},"author":1,"featured_media":0,"parent":0,"menu_order":0,"comment_status":"closed","ping_status":"closed","template":"elementor_header_footer","meta":{"_acf_changed":false,"footnotes":""},"class_list":["post-800","page","type-page","status-publish","hentry"],"acf":[],"yoast_head":"<!-- This site is optimized with the Yoast SEO plugin v27.4 - https:\/\/yoast.com\/product\/yoast-seo-wordpress\/ -->\n<title>Legal advice - Global Mind Advisors<\/title>\n<meta name=\"robots\" content=\"index, follow, max-snippet:-1, max-image-preview:large, max-video-preview:-1\" \/>\n<link rel=\"canonical\" href=\"https:\/\/globalmindadvisors.com\/en\/legal-advice\/\" \/>\n<meta property=\"og:locale\" content=\"en_US\" \/>\n<meta property=\"og:type\" content=\"article\" \/>\n<meta property=\"og:title\" content=\"Legal advice - Global Mind Advisors\" \/>\n<meta property=\"og:description\" content=\"Encargado: Nombre de la empresa : GLOBAL MIND ADVISORS SLNombre y apellidos: Alex Rodr\u00edguez AlvarezDirecci\u00f3n: Plaza Urquinaona 6 7A, 08010 Barcelona Contacto: Tel\u00e9fono:&nbsp;E-mail: info@globalmindadvisors.com Registro: Inscripci\u00f3n en el registro mercantil: Inscrita en el Registro Mercantil de Barcelona, fecha 19 de Mayo de 2021Datos registrales: Tomo 47827 Folio 24 Hoja 563440&nbsp;&nbsp; N\u00famero de identificaci\u00f3n fiscal: N\u00famero [&hellip;]\" \/>\n<meta property=\"og:url\" content=\"https:\/\/globalmindadvisors.com\/en\/legal-advice\/\" \/>\n<meta property=\"og:site_name\" content=\"Global Mind Advisors\" \/>\n<meta property=\"article:publisher\" content=\"https:\/\/www.facebook.com\/profile.php?id=61552388443821\" \/>\n<meta property=\"article:modified_time\" content=\"2024-08-06T16:57:21+00:00\" \/>\n<meta name=\"twitter:card\" content=\"summary_large_image\" \/>\n<meta name=\"twitter:label1\" content=\"Est. reading time\" \/>\n\t<meta name=\"twitter:data1\" content=\"1 minute\" \/>\n<script type=\"application\/ld+json\" class=\"yoast-schema-graph\">{\"@context\":\"https:\\\/\\\/schema.org\",\"@graph\":[{\"@type\":\"WebPage\",\"@id\":\"https:\\\/\\\/globalmindadvisors.com\\\/en\\\/legal-advice\\\/\",\"url\":\"https:\\\/\\\/globalmindadvisors.com\\\/en\\\/legal-advice\\\/\",\"name\":\"Legal advice - Global Mind Advisors\",\"isPartOf\":{\"@id\":\"https:\\\/\\\/globalmindadvisors.com\\\/#website\"},\"datePublished\":\"2023-10-31T11:34:48+00:00\",\"dateModified\":\"2024-08-06T16:57:21+00:00\",\"breadcrumb\":{\"@id\":\"https:\\\/\\\/globalmindadvisors.com\\\/en\\\/legal-advice\\\/#breadcrumb\"},\"inLanguage\":\"en-US\",\"potentialAction\":[{\"@type\":\"ReadAction\",\"target\":[\"https:\\\/\\\/globalmindadvisors.com\\\/en\\\/legal-advice\\\/\"]}]},{\"@type\":\"BreadcrumbList\",\"@id\":\"https:\\\/\\\/globalmindadvisors.com\\\/en\\\/legal-advice\\\/#breadcrumb\",\"itemListElement\":[{\"@type\":\"ListItem\",\"position\":1,\"name\":\"Portada\",\"item\":\"https:\\\/\\\/globalmindadvisors.com\\\/en\\\/\"},{\"@type\":\"ListItem\",\"position\":2,\"name\":\"Legal advice\"}]},{\"@type\":\"WebSite\",\"@id\":\"https:\\\/\\\/globalmindadvisors.com\\\/#website\",\"url\":\"https:\\\/\\\/globalmindadvisors.com\\\/\",\"name\":\"Global Mind Advisors\",\"description\":\"\",\"publisher\":{\"@id\":\"https:\\\/\\\/globalmindadvisors.com\\\/#organization\"},\"potentialAction\":[{\"@type\":\"SearchAction\",\"target\":{\"@type\":\"EntryPoint\",\"urlTemplate\":\"https:\\\/\\\/globalmindadvisors.com\\\/?s={search_term_string}\"},\"query-input\":{\"@type\":\"PropertyValueSpecification\",\"valueRequired\":true,\"valueName\":\"search_term_string\"}}],\"inLanguage\":\"en-US\"},{\"@type\":\"Organization\",\"@id\":\"https:\\\/\\\/globalmindadvisors.com\\\/#organization\",\"name\":\"Global Mind Advisors\",\"url\":\"https:\\\/\\\/globalmindadvisors.com\\\/\",\"logo\":{\"@type\":\"ImageObject\",\"inLanguage\":\"en-US\",\"@id\":\"https:\\\/\\\/globalmindadvisors.com\\\/#\\\/schema\\\/logo\\\/image\\\/\",\"url\":\"https:\\\/\\\/globalmindadvisors.com\\\/wp-content\\\/uploads\\\/2023\\\/10\\\/image-1.svg\",\"contentUrl\":\"https:\\\/\\\/globalmindadvisors.com\\\/wp-content\\\/uploads\\\/2023\\\/10\\\/image-1.svg\",\"width\":144,\"height\":50,\"caption\":\"Global Mind Advisors\"},\"image\":{\"@id\":\"https:\\\/\\\/globalmindadvisors.com\\\/#\\\/schema\\\/logo\\\/image\\\/\"},\"sameAs\":[\"https:\\\/\\\/www.facebook.com\\\/profile.php?id=61552388443821\",\"https:\\\/\\\/www.linkedin.com\\\/company\\\/global-mind-advisors\\\/\"]}]}<\/script>\n<!-- \/ Yoast SEO plugin. -->","yoast_head_json":{"title":"Legal advice - Global Mind Advisors","robots":{"index":"index","follow":"follow","max-snippet":"max-snippet:-1","max-image-preview":"max-image-preview:large","max-video-preview":"max-video-preview:-1"},"canonical":"https:\/\/globalmindadvisors.com\/en\/legal-advice\/","og_locale":"en_US","og_type":"article","og_title":"Legal advice - Global Mind Advisors","og_description":"Encargado: Nombre de la empresa : GLOBAL MIND ADVISORS SLNombre y apellidos: Alex Rodr\u00edguez AlvarezDirecci\u00f3n: Plaza Urquinaona 6 7A, 08010 Barcelona Contacto: Tel\u00e9fono:&nbsp;E-mail: info@globalmindadvisors.com Registro: Inscripci\u00f3n en el registro mercantil: Inscrita en el Registro Mercantil de Barcelona, fecha 19 de Mayo de 2021Datos registrales: Tomo 47827 Folio 24 Hoja 563440&nbsp;&nbsp; N\u00famero de identificaci\u00f3n fiscal: N\u00famero [&hellip;]","og_url":"https:\/\/globalmindadvisors.com\/en\/legal-advice\/","og_site_name":"Global Mind Advisors","article_publisher":"https:\/\/www.facebook.com\/profile.php?id=61552388443821","article_modified_time":"2024-08-06T16:57:21+00:00","twitter_card":"summary_large_image","twitter_misc":{"Est. reading time":"1 minute"},"schema":{"@context":"https:\/\/schema.org","@graph":[{"@type":"WebPage","@id":"https:\/\/globalmindadvisors.com\/en\/legal-advice\/","url":"https:\/\/globalmindadvisors.com\/en\/legal-advice\/","name":"Legal advice - Global Mind Advisors","isPartOf":{"@id":"https:\/\/globalmindadvisors.com\/#website"},"datePublished":"2023-10-31T11:34:48+00:00","dateModified":"2024-08-06T16:57:21+00:00","breadcrumb":{"@id":"https:\/\/globalmindadvisors.com\/en\/legal-advice\/#breadcrumb"},"inLanguage":"en-US","potentialAction":[{"@type":"ReadAction","target":["https:\/\/globalmindadvisors.com\/en\/legal-advice\/"]}]},{"@type":"BreadcrumbList","@id":"https:\/\/globalmindadvisors.com\/en\/legal-advice\/#breadcrumb","itemListElement":[{"@type":"ListItem","position":1,"name":"Portada","item":"https:\/\/globalmindadvisors.com\/en\/"},{"@type":"ListItem","position":2,"name":"Legal advice"}]},{"@type":"WebSite","@id":"https:\/\/globalmindadvisors.com\/#website","url":"https:\/\/globalmindadvisors.com\/","name":"Global Mind Advisors","description":"","publisher":{"@id":"https:\/\/globalmindadvisors.com\/#organization"},"potentialAction":[{"@type":"SearchAction","target":{"@type":"EntryPoint","urlTemplate":"https:\/\/globalmindadvisors.com\/?s={search_term_string}"},"query-input":{"@type":"PropertyValueSpecification","valueRequired":true,"valueName":"search_term_string"}}],"inLanguage":"en-US"},{"@type":"Organization","@id":"https:\/\/globalmindadvisors.com\/#organization","name":"Global Mind Advisors","url":"https:\/\/globalmindadvisors.com\/","logo":{"@type":"ImageObject","inLanguage":"en-US","@id":"https:\/\/globalmindadvisors.com\/#\/schema\/logo\/image\/","url":"https:\/\/globalmindadvisors.com\/wp-content\/uploads\/2023\/10\/image-1.svg","contentUrl":"https:\/\/globalmindadvisors.com\/wp-content\/uploads\/2023\/10\/image-1.svg","width":144,"height":50,"caption":"Global Mind Advisors"},"image":{"@id":"https:\/\/globalmindadvisors.com\/#\/schema\/logo\/image\/"},"sameAs":["https:\/\/www.facebook.com\/profile.php?id=61552388443821","https:\/\/www.linkedin.com\/company\/global-mind-advisors\/"]}]}},"_links":{"self":[{"href":"https:\/\/globalmindadvisors.com\/en\/wp-json\/wp\/v2\/pages\/800","targetHints":{"allow":["GET"]}}],"collection":[{"href":"https:\/\/globalmindadvisors.com\/en\/wp-json\/wp\/v2\/pages"}],"about":[{"href":"https:\/\/globalmindadvisors.com\/en\/wp-json\/wp\/v2\/types\/page"}],"author":[{"embeddable":true,"href":"https:\/\/globalmindadvisors.com\/en\/wp-json\/wp\/v2\/users\/1"}],"replies":[{"embeddable":true,"href":"https:\/\/globalmindadvisors.com\/en\/wp-json\/wp\/v2\/comments?post=800"}],"version-history":[{"count":5,"href":"https:\/\/globalmindadvisors.com\/en\/wp-json\/wp\/v2\/pages\/800\/revisions"}],"predecessor-version":[{"id":1768,"href":"https:\/\/globalmindadvisors.com\/en\/wp-json\/wp\/v2\/pages\/800\/revisions\/1768"}],"wp:attachment":[{"href":"https:\/\/globalmindadvisors.com\/en\/wp-json\/wp\/v2\/media?parent=800"}],"curies":[{"name":"wp","href":"https:\/\/api.w.org\/{rel}","templated":true}]}}